{"id":72,"date":"2022-12-05T06:43:20","date_gmt":"2022-12-05T06:43:20","guid":{"rendered":"https:\/\/demo.bosathemes.com\/starter1\/?page_id=491"},"modified":"2025-09-01T14:51:40","modified_gmt":"2025-09-01T19:51:40","slug":"about-us","status":"publish","type":"page","link":"https:\/\/www.policlinicoemmanuel.org\/ja\/about-us\/","title":{"rendered":"Nosotros"},"content":{"rendered":"<div data-elementor-type=\"wp-page\" data-elementor-id=\"72\" class=\"elementor elementor-72\" data-elementor-post-type=\"page\">\n\t\t\t\t\t\t<section class=\"elementor-section elementor-top-section elementor-element elementor-element-ad31e56 elementor-section-height-min-height elementor-section-boxed elementor-section-height-default elementor-section-items-middle\" data-id=\"ad31e56\" data-element_type=\"section\" data-settings=\"{&quot;background_background&quot;:&quot;classic&quot;}\">\n\t\t\t\t\t\t\t<div class=\"elementor-background-overlay\"><\/div>\n\t\t\t\t\t\t\t<div class=\"elementor-container elementor-column-gap-no\">\n\t\t\t\t\t<div class=\"elementor-column elementor-col-100 elementor-top-column elementor-element elementor-element-4e7291d\" data-id=\"4e7291d\" data-element_type=\"column\">\n\t\t\t<div class=\"elementor-widget-wrap elementor-element-populated\">\n\t\t\t\t\t\t<div class=\"elementor-element elementor-element-50b818e elementor-widget elementor-widget-heading\" data-id=\"50b818e\" data-element_type=\"widget\" data-widget_type=\"heading.default\">\n\t\t\t\t<div class=\"elementor-widget-container\">\n\t\t\t\t\t<h2 class=\"elementor-heading-title elementor-size-default\">Nosotros<\/h2>\t\t\t\t<\/div>\n\t\t\t\t<\/div>\n\t\t\t\t\t<\/div>\n\t\t<\/div>\n\t\t\t\t\t<\/div>\n\t\t<\/section>\n\t\t\t\t<section class=\"elementor-section elementor-top-section elementor-element elementor-element-7810dc2 elementor-section-boxed elementor-section-height-default elementor-section-height-default\" data-id=\"7810dc2\" data-element_type=\"section\">\n\t\t\t\t\t\t<div class=\"elementor-container elementor-column-gap-no\">\n\t\t\t\t\t<div class=\"elementor-column elementor-col-100 elementor-top-column elementor-element elementor-element-2be3001\" data-id=\"2be3001\" data-element_type=\"column\">\n\t\t\t<div class=\"elementor-widget-wrap elementor-element-populated\">\n\t\t\t\t\t\t<section class=\"elementor-section elementor-inner-section elementor-element elementor-element-82e8291 elementor-section-boxed elementor-section-height-default elementor-section-height-default\" data-id=\"82e8291\" data-element_type=\"section\">\n\t\t\t\t\t\t<div class=\"elementor-container elementor-column-gap-no\">\n\t\t\t\t\t<div class=\"elementor-column elementor-col-50 elementor-inner-column elementor-element elementor-element-940c766\" data-id=\"940c766\" data-element_type=\"column\">\n\t\t\t<div class=\"elementor-widget-wrap elementor-element-populated\">\n\t\t\t\t\t\t<div class=\"elementor-element elementor-element-750af44 elementor-widget__width-auto elementor-widget elementor-widget-heading\" data-id=\"750af44\" data-element_type=\"widget\" data-widget_type=\"heading.default\">\n\t\t\t\t<div class=\"elementor-widget-container\">\n\t\t\t\t\t<h3 class=\"elementor-heading-title elementor-size-default\">quienes somos<\/h3>\t\t\t\t<\/div>\n\t\t\t\t<\/div>\n\t\t\t\t<div class=\"elementor-element elementor-element-28f2e55 elementor-widget elementor-widget-heading\" data-id=\"28f2e55\" data-element_type=\"widget\" data-widget_type=\"heading.default\">\n\t\t\t\t<div class=\"elementor-widget-container\">\n\t\t\t\t\t<h3 class=\"elementor-heading-title elementor-size-default\">Salud con dignidad para los que m\u00e1s lo necesitan<\/h3>\t\t\t\t<\/div>\n\t\t\t\t<\/div>\n\t\t\t\t\t<\/div>\n\t\t<\/div>\n\t\t\t\t<div class=\"elementor-column elementor-col-50 elementor-inner-column elementor-element elementor-element-c9b34c9\" data-id=\"c9b34c9\" data-element_type=\"column\">\n\t\t\t<div class=\"elementor-widget-wrap elementor-element-populated\">\n\t\t\t\t\t\t<div class=\"elementor-element elementor-element-d36168d elementor-widget elementor-widget-text-editor\" data-id=\"d36168d\" data-element_type=\"widget\" data-widget_type=\"text-editor.default\">\n\t\t\t\t<div class=\"elementor-widget-container\">\n\t\t\t\t\t\t\t\t\t<p><span style=\"font-weight: 400;\">El Policl\u00ednico <\/span><span style=\"font-weight: 400;\">Peruano Japon\u00e9s R.P. Manuel Kato<\/span><span style=\"font-weight: 400;\"> naci\u00f3\u00a0<\/span>como una respuesta compasiva a las necesidades m\u00e9dicas de las personas m\u00e1s vulnerables. Fundado por iniciativa del <b>Padre Manuel Kato<\/b>, fue concebido como un espacio donde el acceso a la salud no fuera un privilegio, sino un derecho.<\/p>\t\t\t\t\t\t\t\t<\/div>\n\t\t\t\t<\/div>\n\t\t\t\t\t<\/div>\n\t\t<\/div>\n\t\t\t\t\t<\/div>\n\t\t<\/section>\n\t\t\t\t<div class=\"elementor-element elementor-element-8be1762 elementor-widget elementor-widget-elementskit-video\" data-id=\"8be1762\" data-element_type=\"widget\" data-widget_type=\"elementskit-video.default\">\n\t\t\t\t<div class=\"elementor-widget-container\">\n\t\t\t\t\t<div class=\"ekit-wid-con\" >\t\t<div class=\"video-content\" data-video-player=\"[]\" data-video-setting=\"{&quot;videoVolume&quot;:&quot;horizontal&quot;,&quot;startVolume&quot;:0.8000000000000000444089209850062616169452667236328125,&quot;videoType&quot;:&quot;iframe&quot;,&quot;videoClass&quot;:&quot;mfp-fade&quot;}\">\n\t\t\t\n<a class=\"ekit_icon_button glow-btn ekit-video-popup ekit-video-popup-btn\" href=\"https:\/\/www.youtube.com\/embed\/VhBl3dHT5SY?feature=oembed?playlist=VhBl3dHT5SY&amp;mute=0&amp;autoplay=0&amp;loop=no&amp;controls=0&amp;start=0&amp;end=\" aria-label=\"video-popup\">\n\t\t\t\t<i aria-hidden=\"true\" class=\"icon icon-play-button\"><\/i>\t\t<\/a>\n\t\t\t\t\t<\/div>\n\t\t<\/div>\t\t\t\t<\/div>\n\t\t\t\t<\/div>\n\t\t\t\t\t<\/div>\n\t\t<\/div>\n\t\t\t\t\t<\/div>\n\t\t<\/section>\n\t\t\t\t<section class=\"elementor-section elementor-top-section elementor-element elementor-element-d424889 elementor-section-boxed elementor-section-height-default elementor-section-height-default\" data-id=\"d424889\" data-element_type=\"section\" data-settings=\"{&quot;background_background&quot;:&quot;classic&quot;}\">\n\t\t\t\t\t\t<div class=\"elementor-container elementor-column-gap-default\">\n\t\t\t\t\t<div class=\"elementor-column elementor-col-100 elementor-top-column elementor-element elementor-element-aeaec40\" data-id=\"aeaec40\" data-element_type=\"column\">\n\t\t\t<div class=\"elementor-widget-wrap elementor-element-populated\">\n\t\t\t\t\t\t<section class=\"elementor-section elementor-inner-section elementor-element elementor-element-3a0a148 elementor-section-boxed elementor-section-height-default elementor-section-height-default\" data-id=\"3a0a148\" data-element_type=\"section\" data-settings=\"{&quot;background_background&quot;:&quot;classic&quot;}\">\n\t\t\t\t\t\t<div class=\"elementor-container elementor-column-gap-default\">\n\t\t\t\t\t<div class=\"elementor-column elementor-col-25 elementor-inner-column elementor-element elementor-element-84045e2\" data-id=\"84045e2\" data-element_type=\"column\" data-settings=\"{&quot;background_background&quot;:&quot;classic&quot;}\">\n\t\t\t<div class=\"elementor-widget-wrap elementor-element-populated\">\n\t\t\t\t\t\t<div class=\"elementor-element elementor-element-91d51e5 elementor-widget elementor-widget-icon-box\" data-id=\"91d51e5\" data-element_type=\"widget\" data-widget_type=\"icon-box.default\">\n\t\t\t\t<div class=\"elementor-widget-container\">\n\t\t\t\t\t\t\t<div class=\"elementor-icon-box-wrapper\">\n\n\t\t\t\n\t\t\t\t\t\t<div class=\"elementor-icon-box-content\">\n\n\t\t\t\t\t\t\t\t\t<h3 class=\"elementor-icon-box-title\">\n\t\t\t\t\t\t<span  >\n\t\t\t\t\t\t\t350K +\t\t\t\t\t\t<\/span>\n\t\t\t\t\t<\/h3>\n\t\t\t\t\n\t\t\t\t\t\t\t\t\t<p class=\"elementor-icon-box-description\">\n\t\t\t\t\t\tPACIENTES ATENDIDOS DESDE NUESTRO INICIO\n\n\t\t\t\t\t<\/p>\n\t\t\t\t\n\t\t\t<\/div>\n\t\t\t\n\t\t<\/div>\n\t\t\t\t\t\t<\/div>\n\t\t\t\t<\/div>\n\t\t\t\t\t<\/div>\n\t\t<\/div>\n\t\t\t\t<div class=\"elementor-column elementor-col-25 elementor-inner-column elementor-element elementor-element-bc3a7f9\" data-id=\"bc3a7f9\" data-element_type=\"column\">\n\t\t\t<div class=\"elementor-widget-wrap elementor-element-populated\">\n\t\t\t\t\t\t<div class=\"elementor-element elementor-element-254aea6 elementor-widget elementor-widget-icon-box\" data-id=\"254aea6\" data-element_type=\"widget\" data-widget_type=\"icon-box.default\">\n\t\t\t\t<div class=\"elementor-widget-container\">\n\t\t\t\t\t\t\t<div class=\"elementor-icon-box-wrapper\">\n\n\t\t\t\n\t\t\t\t\t\t<div class=\"elementor-icon-box-content\">\n\n\t\t\t\t\t\t\t\t\t<h3 class=\"elementor-icon-box-title\">\n\t\t\t\t\t\t<span  >\n\t\t\t\t\t\t\t16K +\t\t\t\t\t\t<\/span>\n\t\t\t\t\t<\/h3>\n\t\t\t\t\n\t\t\t\t\t\t\t\t\t<p class=\"elementor-icon-box-description\">\n\t\t\t\t\t\tATENCIONES MENSUALES\t\t\t\t\t<\/p>\n\t\t\t\t\n\t\t\t<\/div>\n\t\t\t\n\t\t<\/div>\n\t\t\t\t\t\t<\/div>\n\t\t\t\t<\/div>\n\t\t\t\t\t<\/div>\n\t\t<\/div>\n\t\t\t\t<div class=\"elementor-column elementor-col-25 elementor-inner-column elementor-element elementor-element-06e9cf3\" data-id=\"06e9cf3\" data-element_type=\"column\">\n\t\t\t<div class=\"elementor-widget-wrap elementor-element-populated\">\n\t\t\t\t\t\t<div class=\"elementor-element elementor-element-70bde2a elementor-widget elementor-widget-icon-box\" data-id=\"70bde2a\" data-element_type=\"widget\" data-widget_type=\"icon-box.default\">\n\t\t\t\t<div class=\"elementor-widget-container\">\n\t\t\t\t\t\t\t<div class=\"elementor-icon-box-wrapper\">\n\n\t\t\t\n\t\t\t\t\t\t<div class=\"elementor-icon-box-content\">\n\n\t\t\t\t\t\t\t\t\t<h3 class=\"elementor-icon-box-title\">\n\t\t\t\t\t\t<span  >\n\t\t\t\t\t\t\t40+\t\t\t\t\t\t<\/span>\n\t\t\t\t\t<\/h3>\n\t\t\t\t\n\t\t\t\t\t\t\t\t\t<p class=\"elementor-icon-box-description\">\n\t\t\t\t\t\tESPECIALIDADES\t\t\t\t\t<\/p>\n\t\t\t\t\n\t\t\t<\/div>\n\t\t\t\n\t\t<\/div>\n\t\t\t\t\t\t<\/div>\n\t\t\t\t<\/div>\n\t\t\t\t\t<\/div>\n\t\t<\/div>\n\t\t\t\t<div class=\"elementor-column elementor-col-25 elementor-inner-column elementor-element elementor-element-c400416\" data-id=\"c400416\" data-element_type=\"column\">\n\t\t\t<div class=\"elementor-widget-wrap elementor-element-populated\">\n\t\t\t\t\t\t<div class=\"elementor-element elementor-element-2c91db3 elementor-widget elementor-widget-icon-box\" data-id=\"2c91db3\" data-element_type=\"widget\" data-widget_type=\"icon-box.default\">\n\t\t\t\t<div class=\"elementor-widget-container\">\n\t\t\t\t\t\t\t<div class=\"elementor-icon-box-wrapper\">\n\n\t\t\t\n\t\t\t\t\t\t<div class=\"elementor-icon-box-content\">\n\n\t\t\t\t\t\t\t\t\t<h3 class=\"elementor-icon-box-title\">\n\t\t\t\t\t\t<span  >\n\t\t\t\t\t\t\t100 +\t\t\t\t\t\t<\/span>\n\t\t\t\t\t<\/h3>\n\t\t\t\t\n\t\t\t\t\t\t\t\t\t<p class=\"elementor-icon-box-description\">\n\t\t\t\t\t\tM\u00c9DICOS ESPECIALISTAS\n\t\t\t\t\t<\/p>\n\t\t\t\t\n\t\t\t<\/div>\n\t\t\t\n\t\t<\/div>\n\t\t\t\t\t\t<\/div>\n\t\t\t\t<\/div>\n\t\t\t\t\t<\/div>\n\t\t<\/div>\n\t\t\t\t\t<\/div>\n\t\t<\/section>\n\t\t\t\t\t<\/div>\n\t\t<\/div>\n\t\t\t\t\t<\/div>\n\t\t<\/section>\n\t\t\t\t<section class=\"elementor-section elementor-top-section elementor-element elementor-element-f4e4c41 elementor-section-boxed elementor-section-height-default elementor-section-height-default\" data-id=\"f4e4c41\" data-element_type=\"section\" data-settings=\"{&quot;background_background&quot;:&quot;classic&quot;}\">\n\t\t\t\t\t\t<div class=\"elementor-container elementor-column-gap-no\">\n\t\t\t\t\t<div class=\"elementor-column elementor-col-100 elementor-top-column elementor-element elementor-element-c36dbc3\" data-id=\"c36dbc3\" data-element_type=\"column\">\n\t\t\t<div class=\"elementor-widget-wrap elementor-element-populated\">\n\t\t\t\t\t\t<div class=\"elementor-element elementor-element-f543e79 elementor-widget__width-auto elementor-widget elementor-widget-heading\" data-id=\"f543e79\" data-element_type=\"widget\" data-widget_type=\"heading.default\">\n\t\t\t\t<div class=\"elementor-widget-container\">\n\t\t\t\t\t<h3 class=\"elementor-heading-title elementor-size-default\">OFRECEMOS<\/h3>\t\t\t\t<\/div>\n\t\t\t\t<\/div>\n\t\t\t\t<div class=\"elementor-element elementor-element-454763a elementor-widget elementor-widget-heading\" data-id=\"454763a\" data-element_type=\"widget\" data-widget_type=\"heading.default\">\n\t\t\t\t<div class=\"elementor-widget-container\">\n\t\t\t\t\t<h2 class=\"elementor-heading-title elementor-size-default\">CAMPA\u00d1AS GRATUITAS DE SALUD<\/h2>\t\t\t\t<\/div>\n\t\t\t\t<\/div>\n\t\t\t\t<div class=\"elementor-element elementor-element-4168108 elementor-widget elementor-widget-text-editor\" data-id=\"4168108\" data-element_type=\"widget\" data-widget_type=\"text-editor.default\">\n\t\t\t\t<div class=\"elementor-widget-container\">\n\t\t\t\t\t\t\t\t\t<p class=\"p1\">De manera regular, organizamos campa\u00f1as m\u00e9dicas gratuitas, enfocadas en:<\/p><ul class=\"ul1\"><li class=\"li1\">Prevenci\u00f3n y detecci\u00f3n temprana de enfermedades<\/li><li class=\"li1\">Control de presi\u00f3n arterial, glucosa, y atenci\u00f3n odontol\u00f3gica<\/li><li class=\"li1\">Educaci\u00f3n en salud para toda la familia<\/li><\/ul><p><span style=\"font-weight: 400;\">Estas campa\u00f1as son posibles gracias al apoyo constante de instituciones, profesionales de la salud y voluntarios comprometidos con el bienestar social.<\/span><\/p><p><span style=\"font-weight: 400;\">Puede seguir nuestras campa\u00f1as mediante nuestras redes sociales<\/span><\/p>\t\t\t\t\t\t\t\t<\/div>\n\t\t\t\t<\/div>\n\t\t\t\t\t<\/div>\n\t\t<\/div>\n\t\t\t\t\t<\/div>\n\t\t<\/section>\n\t\t\t\t<\/div>","protected":false},"excerpt":{"rendered":"<p>Nosotros quienes somos Salud con dignidad para los que m\u00e1s lo necesitan El Policl\u00ednico Peruano Japon\u00e9s R.P. Manuel Kato naci\u00f3\u00a0como una respuesta compasiva a las necesidades m\u00e9dicas de las personas m\u00e1s vulnerables. Fundado por iniciativa del Padre Manuel Kato, fue concebido como un espacio donde el acceso a la salud no fuera un privilegio, sino un derecho. 350K + PACIENTES [&hellip;]<\/p>","protected":false},"author":1,"featured_media":0,"parent":0,"menu_order":0,"comment_status":"closed","ping_status":"closed","template":"elementor_header_footer","meta":{"footnotes":""},"class_list":["post-72","page","type-page","status-publish","hentry"],"yoast_head":"<!-- This site is optimized with the Yoast SEO plugin v26.6 - https:\/\/yoast.com\/wordpress\/plugins\/seo\/ -->\n<title>Nosotros - Policlinico Emmanuel<\/title>\n<meta name=\"robots\" content=\"index, follow, max-snippet:-1, max-image-preview:large, max-video-preview:-1\" \/>\n<link rel=\"canonical\" href=\"https:\/\/www.policlinicoemmanuel.org\/ja\/about-us\/\" \/>\n<meta property=\"og:locale\" content=\"ja_JP\" \/>\n<meta property=\"og:type\" content=\"article\" \/>\n<meta property=\"og:title\" content=\"Nosotros - Policlinico Emmanuel\" \/>\n<meta property=\"og:description\" content=\"Nosotros quienes somos Salud con dignidad para los que m\u00e1s lo necesitan El Policl\u00ednico Peruano Japon\u00e9s R.P. Manuel Kato naci\u00f3\u00a0como una respuesta compasiva a las necesidades m\u00e9dicas de las personas m\u00e1s vulnerables. Fundado por iniciativa del Padre Manuel Kato, fue concebido como un espacio donde el acceso a la salud no fuera un privilegio, sino un derecho. 350K + PACIENTES [&hellip;]\" \/>\n<meta property=\"og:url\" content=\"https:\/\/www.policlinicoemmanuel.org\/ja\/about-us\/\" \/>\n<meta property=\"og:site_name\" content=\"Policlinico Emmanuel\" \/>\n<meta property=\"article:publisher\" content=\"https:\/\/www.facebook.com\/policlinicoemmanuelpj\" \/>\n<meta property=\"article:modified_time\" content=\"2025-09-01T19:51:40+00:00\" \/>\n<meta name=\"twitter:card\" content=\"summary_large_image\" \/>\n<meta name=\"twitter:label1\" content=\"\u63a8\u5b9a\u8aad\u307f\u53d6\u308a\u6642\u9593\" \/>\n\t<meta name=\"twitter:data1\" content=\"1\u5206\" \/>\n<script type=\"application\/ld+json\" class=\"yoast-schema-graph\">{\"@context\":\"https:\/\/schema.org\",\"@graph\":[{\"@type\":\"WebPage\",\"@id\":\"https:\/\/www.policlinicoemmanuel.org\/about-us\/\",\"url\":\"https:\/\/www.policlinicoemmanuel.org\/about-us\/\",\"name\":\"Nosotros - Policlinico Emmanuel\",\"isPartOf\":{\"@id\":\"https:\/\/www.policlinicoemmanuel.org\/#website\"},\"datePublished\":\"2022-12-05T06:43:20+00:00\",\"dateModified\":\"2025-09-01T19:51:40+00:00\",\"breadcrumb\":{\"@id\":\"https:\/\/www.policlinicoemmanuel.org\/about-us\/#breadcrumb\"},\"inLanguage\":\"ja\",\"potentialAction\":[{\"@type\":\"ReadAction\",\"target\":[\"https:\/\/www.policlinicoemmanuel.org\/about-us\/\"]}]},{\"@type\":\"BreadcrumbList\",\"@id\":\"https:\/\/www.policlinicoemmanuel.org\/about-us\/#breadcrumb\",\"itemListElement\":[{\"@type\":\"ListItem\",\"position\":1,\"name\":\"Portada\",\"item\":\"https:\/\/www.policlinicoemmanuel.org\/\"},{\"@type\":\"ListItem\",\"position\":2,\"name\":\"Nosotros\"}]},{\"@type\":\"WebSite\",\"@id\":\"https:\/\/www.policlinicoemmanuel.org\/#website\",\"url\":\"https:\/\/www.policlinicoemmanuel.org\/\",\"name\":\"Policlinico Emmanuel\",\"description\":\"Atenci\u00f3n m\u00e9dica integral, laboratorio cl\u00ednico y especialistas en salud en Lima\",\"publisher\":{\"@id\":\"https:\/\/www.policlinicoemmanuel.org\/#organization\"},\"alternateName\":\"Policlinico Emmanuel\",\"potentialAction\":[{\"@type\":\"SearchAction\",\"target\":{\"@type\":\"EntryPoint\",\"urlTemplate\":\"https:\/\/www.policlinicoemmanuel.org\/?s={search_term_string}\"},\"query-input\":{\"@type\":\"PropertyValueSpecification\",\"valueRequired\":true,\"valueName\":\"search_term_string\"}}],\"inLanguage\":\"ja\"},{\"@type\":\"Organization\",\"@id\":\"https:\/\/www.policlinicoemmanuel.org\/#organization\",\"name\":\"Policlinico Emmanuel\",\"url\":\"https:\/\/www.policlinicoemmanuel.org\/\",\"logo\":{\"@type\":\"ImageObject\",\"inLanguage\":\"ja\",\"@id\":\"https:\/\/www.policlinicoemmanuel.org\/#\/schema\/logo\/image\/\",\"url\":\"https:\/\/www.policlinicoemmanuel.org\/wp-content\/uploads\/2025\/09\/R.P-Manuel-Kato-Yda-Brandbook-21.png\",\"contentUrl\":\"https:\/\/www.policlinicoemmanuel.org\/wp-content\/uploads\/2025\/09\/R.P-Manuel-Kato-Yda-Brandbook-21.png\",\"width\":797,\"height\":307,\"caption\":\"Policlinico Emmanuel\"},\"image\":{\"@id\":\"https:\/\/www.policlinicoemmanuel.org\/#\/schema\/logo\/image\/\"},\"sameAs\":[\"https:\/\/www.facebook.com\/policlinicoemmanuelpj\"]}]}<\/script>\n<!-- \/ Yoast SEO plugin. -->","yoast_head_json":{"title":"Nosotros - Policlinico Emmanuel","robots":{"index":"index","follow":"follow","max-snippet":"max-snippet:-1","max-image-preview":"max-image-preview:large","max-video-preview":"max-video-preview:-1"},"canonical":"https:\/\/www.policlinicoemmanuel.org\/ja\/about-us\/","og_locale":"ja_JP","og_type":"article","og_title":"Nosotros - Policlinico Emmanuel","og_description":"Nosotros quienes somos Salud con dignidad para los que m\u00e1s lo necesitan El Policl\u00ednico Peruano Japon\u00e9s R.P. Manuel Kato naci\u00f3\u00a0como una respuesta compasiva a las necesidades m\u00e9dicas de las personas m\u00e1s vulnerables. Fundado por iniciativa del Padre Manuel Kato, fue concebido como un espacio donde el acceso a la salud no fuera un privilegio, sino un derecho. 350K + PACIENTES [&hellip;]","og_url":"https:\/\/www.policlinicoemmanuel.org\/ja\/about-us\/","og_site_name":"Policlinico Emmanuel","article_publisher":"https:\/\/www.facebook.com\/policlinicoemmanuelpj","article_modified_time":"2025-09-01T19:51:40+00:00","twitter_card":"summary_large_image","twitter_misc":{"\u63a8\u5b9a\u8aad\u307f\u53d6\u308a\u6642\u9593":"1\u5206"},"schema":{"@context":"https:\/\/schema.org","@graph":[{"@type":"WebPage","@id":"https:\/\/www.policlinicoemmanuel.org\/about-us\/","url":"https:\/\/www.policlinicoemmanuel.org\/about-us\/","name":"Nosotros - Policlinico Emmanuel","isPartOf":{"@id":"https:\/\/www.policlinicoemmanuel.org\/#website"},"datePublished":"2022-12-05T06:43:20+00:00","dateModified":"2025-09-01T19:51:40+00:00","breadcrumb":{"@id":"https:\/\/www.policlinicoemmanuel.org\/about-us\/#breadcrumb"},"inLanguage":"ja","potentialAction":[{"@type":"ReadAction","target":["https:\/\/www.policlinicoemmanuel.org\/about-us\/"]}]},{"@type":"BreadcrumbList","@id":"https:\/\/www.policlinicoemmanuel.org\/about-us\/#breadcrumb","itemListElement":[{"@type":"ListItem","position":1,"name":"Portada","item":"https:\/\/www.policlinicoemmanuel.org\/"},{"@type":"ListItem","position":2,"name":"Nosotros"}]},{"@type":"WebSite","@id":"https:\/\/www.policlinicoemmanuel.org\/#website","url":"https:\/\/www.policlinicoemmanuel.org\/","name":"Policlinico Emmanuel","description":"Atenci\u00f3n m\u00e9dica integral, laboratorio cl\u00ednico y especialistas en salud en Lima","publisher":{"@id":"https:\/\/www.policlinicoemmanuel.org\/#organization"},"alternateName":"Policlinico Emmanuel","potentialAction":[{"@type":"SearchAction","target":{"@type":"EntryPoint","urlTemplate":"https:\/\/www.policlinicoemmanuel.org\/?s={search_term_string}"},"query-input":{"@type":"PropertyValueSpecification","valueRequired":true,"valueName":"search_term_string"}}],"inLanguage":"ja"},{"@type":"Organization","@id":"https:\/\/www.policlinicoemmanuel.org\/#organization","name":"Policlinico Emmanuel","url":"https:\/\/www.policlinicoemmanuel.org\/","logo":{"@type":"ImageObject","inLanguage":"ja","@id":"https:\/\/www.policlinicoemmanuel.org\/#\/schema\/logo\/image\/","url":"https:\/\/www.policlinicoemmanuel.org\/wp-content\/uploads\/2025\/09\/R.P-Manuel-Kato-Yda-Brandbook-21.png","contentUrl":"https:\/\/www.policlinicoemmanuel.org\/wp-content\/uploads\/2025\/09\/R.P-Manuel-Kato-Yda-Brandbook-21.png","width":797,"height":307,"caption":"Policlinico Emmanuel"},"image":{"@id":"https:\/\/www.policlinicoemmanuel.org\/#\/schema\/logo\/image\/"},"sameAs":["https:\/\/www.facebook.com\/policlinicoemmanuelpj"]}]}},"jetpack_sharing_enabled":true,"_links":{"self":[{"href":"https:\/\/www.policlinicoemmanuel.org\/ja\/wp-json\/wp\/v2\/pages\/72","targetHints":{"allow":["GET"]}}],"collection":[{"href":"https:\/\/www.policlinicoemmanuel.org\/ja\/wp-json\/wp\/v2\/pages"}],"about":[{"href":"https:\/\/www.policlinicoemmanuel.org\/ja\/wp-json\/wp\/v2\/types\/page"}],"author":[{"embeddable":true,"href":"https:\/\/www.policlinicoemmanuel.org\/ja\/wp-json\/wp\/v2\/users\/1"}],"replies":[{"embeddable":true,"href":"https:\/\/www.policlinicoemmanuel.org\/ja\/wp-json\/wp\/v2\/comments?post=72"}],"version-history":[{"count":0,"href":"https:\/\/www.policlinicoemmanuel.org\/ja\/wp-json\/wp\/v2\/pages\/72\/revisions"}],"wp:attachment":[{"href":"https:\/\/www.policlinicoemmanuel.org\/ja\/wp-json\/wp\/v2\/media?parent=72"}],"curies":[{"name":"wp","href":"https:\/\/api.w.org\/{rel}","templated":true}]}}